{"id":867,"date":"2023-07-05T17:33:18","date_gmt":"2023-07-05T17:33:18","guid":{"rendered":"http:\/\/inmaculadaespacio.com\/?page_id=867"},"modified":"2023-07-05T17:36:02","modified_gmt":"2023-07-05T17:36:02","slug":"politica-de-privacidad","status":"publish","type":"page","link":"https:\/\/inmaculadaespacio.com\/index.php\/politica-de-privacidad\/","title":{"rendered":"Pol\u00edtica de privacidad"},"content":{"rendered":"\n<p>POL\u00cdTICA DE PRIVACIDAD Y AVISO LEGAL<\/p>\n\n\n\n<p>Informaci\u00f3n del titular de la web<br>INMACULADA DESARROLLO Y BIENESTAR SL con CIF B47314786 con domicilio en PZA DON<br>FEDERICO VELASCO 1-2, MEDINA DEL CAMPO (VALLADOLID), 47400 y mail de comunicaciones<br>HAIR@INMACULDAESPACIO.COM.<br>Inscripci\u00f3n en el Registro Mercantil con No:\u2026\u2026\u2026\u2026\u2026\u2026\u2026\u2026\u2026\u2026\u2026\u2026.<br>Colegiado en \u2026\u2026\u2026\u2026\u2026\u2026\u2026\u2026. con No \u2026\u2026\u2026\u2026\u2026.<br>Entidad Autorizada \u2026\u2026\u2026\u2026\u2026\u2026\u2026\u2026\u2026\u2026.<br>Responsable de protecci\u00f3n de datos<br>El titular es el responsable de los datos personales que son recabados por la navegaci\u00f3n y uso de esta<br>web conforme a los requisitos establecidos por el REGLAMENTO (UE) 2016\/679 relativo a la protecci\u00f3n<br>de datos de las personas f\u00edsicas as\u00ed como conforme a la Ley 34\/2002 de 11 de julio de Servicios de<br>la Sociedad de la Informaci\u00f3n y del Comercio Electr\u00f3nico (LSSI-CE) .<br>Al utilizar este sitio web entendemos que ha le\u00eddo y comprendido la informaci\u00f3n que se expone en<br>relaci\u00f3n con el tratamiento de sus datos de car\u00e1cter personal.<br>Pol\u00edtica de protecci\u00f3n de datos<br>El responsable aplica el principio de responsabilidad activa en el tratamiento de los datos de car\u00e1cter<br>personal, manteniendo una constante puesta al d\u00eda y una promoci\u00f3n de la mejora continua del sistema<br>de protecci\u00f3n de datos conforme a los requisitos legales exigibles, garantizando en todo caso:<\/p>\n\n\n\n<ul class=\"wp-block-list\">\n<li>el respeto a las libertades y los derechos fundamentales de las personas f\u00edsicas<\/li>\n\n\n\n<li>que los datos son tratados de manera l\u00edcita, leal y transparente<\/li>\n\n\n\n<li>que los datos tratados son exactos, adecuados, pertinentes y limitados en relaci\u00f3n con los fines para los<br>que son recogidos<\/li>\n\n\n\n<li>que los fines para los que son recogidos son expl\u00edcitos y leg\u00edtimos y que no son tratados de manera<br>incompatible con dichos fines<br>La finalidad de este documento es informar a los usuarios sobre qu\u00e9 hacemos con sus datos personales,<br>c\u00f3mo se recaban, para qu\u00e9 se utilizan, los derechos que les asisten as\u00ed como toda la informaci\u00f3n<br>legal necesaria establecida por la normativa vigente.<br>Datos recabados, finalidad y licitud<br>Los datos de car\u00e1cter personal tratados son los aportados por los usuarios a trav\u00e9s de los formularios<br>disponibles en este sitio web y son los m\u00ednimos exigibles para poder:<br>*enviarle informaci\u00f3n sobre nuestros productos \/ servicios<br>Pol\u00edtica de privacidad de INMACULADA DESARROLLO Y BIENESTAR SL<\/li>\n<\/ul>\n\n\n\n<p>2 \/ 6<\/p>\n\n\n\n<p>*atender consultas.<br>*tramitar pedidos, as\u00ed como poder elaborar las facturas correspondientes, informar sobre el estado de los<br>pedidos, atender reclamaciones y cualquier otra gesti\u00f3n derivada de la prestaci\u00f3n del servicio realizado a<br>trav\u00e9s de este sitio web<br>Dichas finalidades est\u00e1n basadas en principios legales de tratamiento de los datos recogidos por la<br>normativa vigente: para la ejecuci\u00f3n de un contrato o la prestaci\u00f3n de un servicio a los usuarios, para el<br>cumplimiento de obligaciones legales, por el inter\u00e9s leg\u00edtimo y con el consentimiento de los usuarios.<br>Formularios web<br>Los datos personales recabados a trav\u00e9s del formulario web de contacto se usan para poder atender<br>cualquier consulta que el usuario realice a trav\u00e9s del mismo.<br>Los datos personales recabados en el formulario de pedidos tienen la finalidad de tratar los datos<br>necesarios para la correcta gesti\u00f3n de sus pedidos.<br>El tratamiento de los datos est\u00e1 legitimado por el consentimiento que usted nos presta al aceptar<br>expresamente las condiciones del tratamiento informadas a trav\u00e9s de esta pol\u00edtica de privacidad.<br>Destinatarios de los datos<br>Los datos de car\u00e1cter personal obtenidos a trav\u00e9s de los formularios web son registrados y conservados<br>en soportes electr\u00f3nicos controlados y supervisados por el responsable del tratamiento.<br>Sus datos personales no ser\u00e1n comunicados a terceros, con la salvedad de que dicha comunicaci\u00f3n de<br>datos est\u00e9 amparada en una obligaci\u00f3n legal o cuando para la correcta prestaci\u00f3n del servicio o la<br>ejecuci\u00f3n del contrato sea necesario comunicar sus datos a otros responsables como pueden ser otras<br>empresas del grupo o encargados del tratamiento que participen en la prestaci\u00f3n del servicio<br>(transportistas por ejemplo).<br>Para los casos en los que la comunicaci\u00f3n de datos a terceros no est\u00e9 amparada en las bases legales<br>establecidas en el apartado anterior, la comunicaci\u00f3n de datos a otros destinatarios s\u00f3lo se realizar\u00e1 si<br>el usuario ha dado su consentimiento expreso.<br>Se mantienen unos criterios estrictos de selecci\u00f3n de encargados de tratamiento y el compromiso<br>contractual con cada uno de ellos para cumplir y hacer cumplir las obligaciones establecidas en materia de<br>protecci\u00f3n de datos<br>En el caso de que existan transferencias internacionales de datos INMACULADA DESARROLLO Y<br>BIENESTAR SL garantizar\u00e1 que la transferencia de sus datos personales se realiza de conformidad con<br>las leyes de privacidad aplicables y, en particular, que se apliquen las medidas contractuales, t\u00e9cnicas y<br>organizativas necesarias, como las cla\u00fasulas contractuales est\u00e1ndar aprobadas por la Comisi\u00f3n<br>Europea\u201d<br>Puede obtener m\u00e1s informaci\u00f3n sobre el tratamiento de los datos personales de nuestra organizaci\u00f3n<br>solicit\u00e1ndola en el mail: HAIR@INMACULDAESPACIO.COM o accediendo a trav\u00e9s del siguiente<br>Pol\u00edtica de privacidad de INMACULADA DESARROLLO Y BIENESTAR SL<\/p>\n\n\n\n<p>3 \/ 6<\/p>\n\n\n\n<p>enlace:<\/p>\n\n\n\n<p>https:\/\/www.accesousuario.com\/protecciondedatos\/rgpd\/informacion_consentimientoAPI.php?codEmpresa=53517<br>Medidas t\u00e9cnicas y organizativas de protecci\u00f3n de datos<br>Los soportes cuentan con las medidas t\u00e9cnicas y organizativas necesarias que garantizan la<br>confidencialidad y la conservaci\u00f3n de los datos personales obtenidos a trav\u00e9s de la web.<br>Los datos personales recabados desde la web son tratados mediante protocolo HTML con certificado SSL<br>v\u00e1lido.<br>El personal implicado en las operaciones de tratamiento de datos: acceso, edici\u00f3n, borrado, etc\u2026 est\u00e1<br>capacitado para ello, formado y comprometido con esta pol\u00edtica de protecci\u00f3n de datos.<br>Conservaci\u00f3n de los datos<br>Los datos de car\u00e1cter personal obtenidos a trav\u00e9s del formulario de contacto ser\u00e1n conservados el<br>tiempo necesario para atender la solicitud\/consulta realizada.<br>Los datos de car\u00e1cter personal obtenidos a trav\u00e9s del formulario de pedidos ser\u00e1n conservados<br>mientras exista una relaci\u00f3n contractual y\/o comercial con usted o mientras usted no ejerza su derecho de<br>supresi\u00f3n, cancelaci\u00f3n y\/o limitaci\u00f3n del tratamiento de sus datos.<br>Vencida la relaci\u00f3n contractual mantendremos la informaci\u00f3n debidamente bloqueada, sin darle ning\u00fan<br>uso, mientras pueda ser necesaria para el ejercicio o defensa de reclamaciones o pueda derivarse alg\u00fan<br>tipo de responsabilidad judicial, legal o contractual de su tratamiento, que deba ser atendida y para lo cual<br>sea necesaria su recuperaci\u00f3n.<br>En caso que haya aceptado expresamente el env\u00edo de informaci\u00f3n comercial conservaremos sus datos<br>de contacto hasta que usted nos comunique su decisi\u00f3n de anular dichos env\u00edos comerciales.<br>Informaci\u00f3n sobre la existencia de decisiones automatizadas ( incluida la elaboraci\u00f3n de perfiles)<br>Normalmente no adoptamos decisiones autom\u00e1ticas, pero cuanto lo hagamos dejaremos claro que se<br>est\u00e1 adoptando ese tipo de decisi\u00f3n. No obstante, INMACULADA DESARROLLO Y BIENESTAR SL<br>recoge varios apartados dedicados a la personalizaci\u00f3n de servicios a fin de mostrar publicidad<br>personalizada al ingresar en su sitio Web y tambi\u00e9n para el env\u00edo de comunicaciones personalizadas.<br>INMACULADA DESARROLLO Y BIENESTAR SL reconoce la posibilidad de la realizaci\u00f3n de perfiles<br>para mejorar su oferta de productos o personalizar el env\u00edo de ofertas comerciales o dar un trato m\u00e1s<br>Pol\u00edtica de privacidad de INMACULADA DESARROLLO Y BIENESTAR SL<\/p>\n\n\n\n<p>4 \/ 6<\/p>\n\n\n\n<p>personalizado al cliente<br>Oposici\u00f3n a que los datos sean tratados con fines publicitarios<br>Si diste tu consentimiento para que utilizaran tus datos con fines publicitarios y no deseas seguir<br>recibiendo publicidad, puedes revocar el consentimiento prestado en cualquier momento y a trav\u00e9s del<br>env\u00edo de un correo electr\u00f3nico a mail del responsableHAIR@INMACULDAESPACIO.COM<br>Cambios en la Pol\u00edtica de Privacidad<br>Es posible que modifiquemos la informaci\u00f3n contenida en esta Pol\u00edtica de Privacidad y Cookies cuando<br>lo estimemos conveniente. En caso de que lo hagamos, te lo notificaremos por distintas v\u00edas a trav\u00e9s<br>de la Plataforma (por ejemplo, a trav\u00e9s de un banner, un pop-up o una notificaci\u00f3n push), o incluso te lo<br>comunicaremos a tu direcci\u00f3n de correo electr\u00f3nico cuando el cambio en cuesti\u00f3n sea significativo para<br>con tu privacidad, de manera que puedas revisar los cambios, valorarlos y, en su caso, oponerte o darte de<br>baja en alg\u00fan servicio o funcionalidad. En cualquier caso, te sugerimos que revises esta Pol\u00edtica de<br>Privacidad y Cookies de vez en cuando por si hubiera cambios menores o introducimos alguna mejora<br>interactiva.<br>AVISO LEGAL<br>Propiedad intelectual e industrial<br>El dise\u00f1o del portal y sus c\u00f3digos fuente, as\u00ed como los logos, marcas y dem\u00e1s signos distintivos que<br>aparecen en el mismo pertenecen a (INMACULADA DESARROLLO Y BIENESTAR SL) y est\u00e1n<br>protegidos por los correspondientes derechos de propiedad intelectual e industrial<br>Responsabilidad de los contenidos<br>INMACULADA DESARROLLO Y BIENESTAR SL no se hace responsable de la legalidad de otros sitios<br>web de terceros desde los que pueda accederse al portal. Tampoco responde por la legalidad de otros<br>sitios web de terceros, que pudieran estar vinculados o enlazados desde este portal.<br>INMACULADA DESARROLLO Y BIENESTAR SL no ser\u00e1 responsable del uso que terceros hagan de la<br>informaci\u00f3n publicada en el portal, ni tampoco de los da\u00f1os sufridos o p\u00e9rdidas econ\u00f3micas que, de<br>forma directa o indirecta, produzcan o puedan producir perjuicios econ\u00f3micos, materiales o sobre datos,<br>provocados por el uso de dicha informaci\u00f3n.<br>Reproducci\u00f3n de contenidos<br>En virtud de lo dispuesto en la Ley de Propiedad Intelectual quedan expresamente prohibidas la<br>reproducci\u00f3n, la distribuci\u00f3n y la comunicaci\u00f3n p\u00fablica de la totalidad o parte de los contenidos de esta<br>p\u00e1gina web, con fines comerciales en cualquier soporte, y por cualquier medio t\u00e9cnico, sin la<br>autorizaci\u00f3n de INMACULADA DESARROLLO Y BIENESTAR SL<br>Ley aplicable<br>Pol\u00edtica de privacidad de INMACULADA DESARROLLO Y BIENESTAR SL<\/p>\n\n\n\n<p>5 \/ 6<\/p>\n\n\n\n<p>INMACULADA DESARROLLO Y BIENESTAR SL se reserva la facultad de presentar las acciones civiles<br>o penales que considere necesaria por la utilizaci\u00f3n indebida del sitio Web y contenidos, o por el<br>incumplimiento de las presentes condiciones.<br>La relaci\u00f3n entre el usuario y INMACULADA DESARROLLO Y BIENESTAR SL se regir\u00e1 por la<br>normativa vigente y de aplicaci\u00f3n en el territorio nacional. De surgir cualquier controversia en relaci\u00f3n a<br>la interpretaci\u00f3n y\/o a la aplicaci\u00f3n de estas condiciones, las partes someter\u00e1n los conflictos a la<br>jurisdicci\u00f3n ordinaria, someti\u00e9ndose a los Jueces y Tribunales que correspondan conforme a Derecho.<br>As\u00ed mismo le informamos que dispone de un procedimiento de resoluci\u00f3n extrajudicial de controversias<br>gratuito y accesible a todos los ciudadanos, se trata de la plataforma de resoluci\u00f3n de litigios en l\u00ednea de<br>la Uni\u00f3n Europea, accesible a trav\u00e9s del siguiente enlace<br>https:\/\/ec.europa.eu\/consumers\/odr\/main\/?event=main.home2.show<br>Cookies<br>En el caso de emplear tecnolog\u00eda \u201ccookie\u201d en la web, dispone de un apartado concreto que le<br>informa sobre su existencia as\u00ed como de su pol\u00edtica de uso. Consulte el apartado \u201cpol\u00edtica de<br>cookies\u201d.<br>En caso contrario, no se emplean cookies de navegaci\u00f3n.<br>Datos personales de menores<br>Esta p\u00e1gina web no est\u00e1 dirigida a usuarios menores de edad. Si usted es menor de edad, por favor no<br>intente registrarse como usuario. Si descubrimos que por error hemos obtenido informaci\u00f3n personal de<br>un menor, eliminaremos dicha informaci\u00f3n lo antes posible.<br>Ejercicio de los derechos de protecci\u00f3n de datos<br>ara el ejercicio de los derechos deber\u00e1 identificarse mediante la presentaci\u00f3n de su DNI.<br>Para cualquier reclamaci\u00f3n puede dirigirse al mismo correo indicado. Igualmente podr\u00e1 dirigirse a la<br>Agencia Espa\u00f1ola de Protecci\u00f3n de Datos: www.aepd.es<\/p>\n","protected":false},"excerpt":{"rendered":"<p>POL\u00cdTICA DE PRIVACIDAD Y AVISO LEGAL Informaci\u00f3n del titular de la webINMACULADA DESARROLLO Y BIENESTAR SL con CIF B47314786 con domicilio en PZA DONFEDERICO VELASCO 1-2, MEDINA DEL CAMPO (VALLADOLID), 47400 y mail de comunicacionesHAIR@INMACULDAESPACIO.COM.Inscripci\u00f3n en el Registro Mercantil con No:\u2026\u2026\u2026\u2026\u2026\u2026\u2026\u2026\u2026\u2026\u2026\u2026.Colegiado en \u2026\u2026\u2026\u2026\u2026\u2026\u2026\u2026. con No \u2026\u2026\u2026\u2026\u2026.Entidad Autorizada \u2026\u2026\u2026\u2026\u2026\u2026\u2026\u2026\u2026\u2026.Responsable de protecci\u00f3n de datosEl titular es el<br \/><a class=\"moretag\" href=\"https:\/\/inmaculadaespacio.com\/index.php\/politica-de-privacidad\/\">+ Read More<\/a><\/p>\n","protected":false},"author":1,"featured_media":0,"parent":0,"menu_order":0,"comment_status":"closed","ping_status":"closed","template":"templates\/page-fullwidth_template.php","meta":{"footnotes":""},"class_list":["post-867","page","type-page","status-publish","hentry"],"_links":{"self":[{"href":"https:\/\/inmaculadaespacio.com\/index.php\/wp-json\/wp\/v2\/pages\/867","targetHints":{"allow":["GET"]}}],"collection":[{"href":"https:\/\/inmaculadaespacio.com\/index.php\/wp-json\/wp\/v2\/pages"}],"about":[{"href":"https:\/\/inmaculadaespacio.com\/index.php\/wp-json\/wp\/v2\/types\/page"}],"author":[{"embeddable":true,"href":"https:\/\/inmaculadaespacio.com\/index.php\/wp-json\/wp\/v2\/users\/1"}],"replies":[{"embeddable":true,"href":"https:\/\/inmaculadaespacio.com\/index.php\/wp-json\/wp\/v2\/comments?post=867"}],"version-history":[{"count":1,"href":"https:\/\/inmaculadaespacio.com\/index.php\/wp-json\/wp\/v2\/pages\/867\/revisions"}],"predecessor-version":[{"id":868,"href":"https:\/\/inmaculadaespacio.com\/index.php\/wp-json\/wp\/v2\/pages\/867\/revisions\/868"}],"wp:attachment":[{"href":"https:\/\/inmaculadaespacio.com\/index.php\/wp-json\/wp\/v2\/media?parent=867"}],"curies":[{"name":"wp","href":"https:\/\/api.w.org\/{rel}","templated":true}]}}