{"id":865,"date":"2023-07-05T17:31:55","date_gmt":"2023-07-05T17:31:55","guid":{"rendered":"http:\/\/inmaculadaespacio.com\/?page_id=865"},"modified":"2023-07-05T17:35:14","modified_gmt":"2023-07-05T17:35:14","slug":"aviso-legal","status":"publish","type":"page","link":"https:\/\/inmaculadaespacio.com\/index.php\/aviso-legal\/","title":{"rendered":"Aviso legal"},"content":{"rendered":"\n<p>AVISO LEGAL<br>Propiedad intelectual e industrial<br>El dise\u00f1o del portal y sus c\u00f3digos fuente, as\u00ed como los logos, marcas y dem\u00e1s signos distintivos que<br>aparecen en el mismo pertenecen a (INMACULADA DESARROLLO Y BIENESTAR SL) y est\u00e1n<br>protegidos por los correspondientes derechos de propiedad intelectual e industrial<br>Responsabilidad de los contenidos<br>INMACULADA DESARROLLO Y BIENESTAR SL no se hace responsable de la legalidad de otros sitios<br>web de terceros desde los que pueda accederse al portal. Tampoco responde por la legalidad de otros<br>sitios web de terceros, que pudieran estar vinculados o enlazados desde este portal.<br>INMACULADA DESARROLLO Y BIENESTAR SL no ser\u00e1 responsable del uso que terceros hagan de la<br>informaci\u00f3n publicada en el portal, ni tampoco de los da\u00f1os sufridos o p\u00e9rdidas econ\u00f3micas que, de<br>forma directa o indirecta, produzcan o puedan producir perjuicios econ\u00f3micos, materiales o sobre datos,<br>provocados por el uso de dicha informaci\u00f3n.<br>Reproducci\u00f3n de contenidos<br>En virtud de lo dispuesto en la Ley de Propiedad Intelectual quedan expresamente prohibidas la<br>reproducci\u00f3n, la distribuci\u00f3n y la comunicaci\u00f3n p\u00fablica de la totalidad o parte de los contenidos de esta<br>p\u00e1gina web, con fines comerciales en cualquier soporte, y por cualquier medio t\u00e9cnico, sin la<br>autorizaci\u00f3n de INMACULADA DESARROLLO Y BIENESTAR SL<br>Ley aplicable<br>Pol\u00edtica de privacidad de INMACULADA DESARROLLO Y BIENESTAR SL<\/p>\n\n\n\n<p>5 \/ 6<\/p>\n\n\n\n<p>INMACULADA DESARROLLO Y BIENESTAR SL se reserva la facultad de presentar las acciones civiles<br>o penales que considere necesaria por la utilizaci\u00f3n indebida del sitio Web y contenidos, o por el<br>incumplimiento de las presentes condiciones.<br>La relaci\u00f3n entre el usuario y INMACULADA DESARROLLO Y BIENESTAR SL se regir\u00e1 por la<br>normativa vigente y de aplicaci\u00f3n en el territorio nacional. De surgir cualquier controversia en relaci\u00f3n a<br>la interpretaci\u00f3n y\/o a la aplicaci\u00f3n de estas condiciones, las partes someter\u00e1n los conflictos a la<br>jurisdicci\u00f3n ordinaria, someti\u00e9ndose a los Jueces y Tribunales que correspondan conforme a Derecho.<br>As\u00ed mismo le informamos que dispone de un procedimiento de resoluci\u00f3n extrajudicial de controversias<br>gratuito y accesible a todos los ciudadanos, se trata de la plataforma de resoluci\u00f3n de litigios en l\u00ednea de<br>la Uni\u00f3n Europea, accesible a trav\u00e9s del siguiente enlace<br>https:\/\/ec.europa.eu\/consumers\/odr\/main\/?event=main.home2.show<br>Cookies<br>En el caso de emplear tecnolog\u00eda \u201ccookie\u201d en la web, dispone de un apartado concreto que le<br>informa sobre su existencia as\u00ed como de su pol\u00edtica de uso. Consulte el apartado \u201cpol\u00edtica de<br>cookies\u201d.<br>En caso contrario, no se emplean cookies de navegaci\u00f3n.<br>Datos personales de menores<br>Esta p\u00e1gina web no est\u00e1 dirigida a usuarios menores de edad. Si usted es menor de edad, por favor no<br>intente registrarse como usuario. Si descubrimos que por error hemos obtenido informaci\u00f3n personal de<br>un menor, eliminaremos dicha informaci\u00f3n lo antes posible.<br>Ejercicio de los derechos de protecci\u00f3n de datos<br>ara el ejercicio de los derechos deber\u00e1 identificarse mediante la presentaci\u00f3n de su DNI.<br>Para cualquier reclamaci\u00f3n puede dirigirse al mismo correo indicado. Igualmente podr\u00e1 dirigirse a la<br>Agencia Espa\u00f1ola de Protecci\u00f3n de Datos: www.aepd.es<\/p>\n","protected":false},"excerpt":{"rendered":"<p>AVISO LEGALPropiedad intelectual e industrialEl dise\u00f1o del portal y sus c\u00f3digos fuente, as\u00ed como los logos, marcas y dem\u00e1s signos distintivos queaparecen en el mismo pertenecen a (INMACULADA DESARROLLO Y BIENESTAR SL) y est\u00e1nprotegidos por los correspondientes derechos de propiedad intelectual e industrialResponsabilidad de los contenidosINMACULADA DESARROLLO Y BIENESTAR SL no se hace responsable de<br \/><a class=\"moretag\" href=\"https:\/\/inmaculadaespacio.com\/index.php\/aviso-legal\/\">+ Read More<\/a><\/p>\n","protected":false},"author":1,"featured_media":0,"parent":0,"menu_order":0,"comment_status":"closed","ping_status":"closed","template":"templates\/page-fullwidth_template.php","meta":{"footnotes":""},"class_list":["post-865","page","type-page","status-publish","hentry"],"_links":{"self":[{"href":"https:\/\/inmaculadaespacio.com\/index.php\/wp-json\/wp\/v2\/pages\/865","targetHints":{"allow":["GET"]}}],"collection":[{"href":"https:\/\/inmaculadaespacio.com\/index.php\/wp-json\/wp\/v2\/pages"}],"about":[{"href":"https:\/\/inmaculadaespacio.com\/index.php\/wp-json\/wp\/v2\/types\/page"}],"author":[{"embeddable":true,"href":"https:\/\/inmaculadaespacio.com\/index.php\/wp-json\/wp\/v2\/users\/1"}],"replies":[{"embeddable":true,"href":"https:\/\/inmaculadaespacio.com\/index.php\/wp-json\/wp\/v2\/comments?post=865"}],"version-history":[{"count":1,"href":"https:\/\/inmaculadaespacio.com\/index.php\/wp-json\/wp\/v2\/pages\/865\/revisions"}],"predecessor-version":[{"id":866,"href":"https:\/\/inmaculadaespacio.com\/index.php\/wp-json\/wp\/v2\/pages\/865\/revisions\/866"}],"wp:attachment":[{"href":"https:\/\/inmaculadaespacio.com\/index.php\/wp-json\/wp\/v2\/media?parent=865"}],"curies":[{"name":"wp","href":"https:\/\/api.w.org\/{rel}","templated":true}]}}