{"id":774,"date":"2023-06-27T17:32:46","date_gmt":"2023-06-27T17:32:46","guid":{"rendered":"http:\/\/inmaculadaespacio.com\/?page_id=774"},"modified":"2023-07-04T20:40:54","modified_gmt":"2023-07-04T20:40:54","slug":"quienes-somos","status":"publish","type":"page","link":"https:\/\/inmaculadaespacio.com\/index.php\/quienes-somos\/","title":{"rendered":"Quienes somos"},"content":{"rendered":"\n<p>Inmaculada Hair &amp; Health es un establecimiento de larga trayectoria en el mundo de las peluquer\u00edas. Desde hace muchos a\u00f1os, han brindado sus servicios a la comunidad local, y se han ganado una excelente reputaci\u00f3n por su habilidad y experiencia en el campo.<\/p>\n\n\n\n<p>El personal de Inmaculada Hair &amp; Health es conocido por su profesionalidad y habilidad en una variedad de servicios de peluquer\u00eda, incluyendo cortes de pelo, peinados, coloraci\u00f3n y tratamiento del cabello. Los estilistas de Inmaculada Hair &amp; Health est\u00e1n altamente capacitados y se mantienen actualizados con las \u00faltimas tendencias y t\u00e9cnicas en peluquer\u00eda, para garantizar que puedan brindar a sus clientes los mejores resultados posibles.<\/p>\n\n\n\n<p>En Inmaculada Hair &amp; Health tambi\u00e9n se enfocan en brindar una experiencia excepcional al cliente. El ambiente del sal\u00f3n es acogedor y relajante, y el personal siempre est\u00e1 dispuesto a escuchar y asesorar a sus clientes sobre el estilo y el tratamiento del cabello que mejor se adapte a sus necesidades y estilo de vida.<\/p>\n\n\n\n<p>Adem\u00e1s de sus servicios de peluquer\u00eda, Inmaculada Hair &amp; Health tambi\u00e9n ofrece servicios de maquillaje y u\u00f1as, para ofrecer a sus clientes una experiencia completa de cuidado personal. Los clientes pueden relajarse y disfrutar de la atenci\u00f3n personalizada en un ambiente acogedor y agradable.<\/p>\n\n\n\n<p>En resumen Inmaculada Hair &amp; Health es una opci\u00f3n confiable y de calidad para aquellos que buscan un corte de pelo o un cambio de estilo. Con su larga trayectoria en el mundo de las peluquer\u00edas y su enfoque en la atenci\u00f3n al cliente, Inmaculada Hair &amp; Health es una excelente opci\u00f3n para aquellos que buscan una experiencia excepcional en el cuidado del cabello.<\/p>\n","protected":false},"excerpt":{"rendered":"<p>Inmaculada Hair &amp; Health es un establecimiento de larga trayectoria en el mundo de las peluquer\u00edas. Desde hace muchos a\u00f1os, han brindado sus servicios a la comunidad local, y se han ganado una excelente reputaci\u00f3n por su habilidad y experiencia en el campo. El personal de Inmaculada Hair &amp; Health es conocido por su profesionalidad<br \/><a class=\"moretag\" href=\"https:\/\/inmaculadaespacio.com\/index.php\/quienes-somos\/\">+ Read More<\/a><\/p>\n","protected":false},"author":1,"featured_media":0,"parent":0,"menu_order":0,"comment_status":"closed","ping_status":"closed","template":"templates\/page-fullwidth_template.php","meta":{"footnotes":""},"class_list":["post-774","page","type-page","status-publish","hentry"],"_links":{"self":[{"href":"https:\/\/inmaculadaespacio.com\/index.php\/wp-json\/wp\/v2\/pages\/774","targetHints":{"allow":["GET"]}}],"collection":[{"href":"https:\/\/inmaculadaespacio.com\/index.php\/wp-json\/wp\/v2\/pages"}],"about":[{"href":"https:\/\/inmaculadaespacio.com\/index.php\/wp-json\/wp\/v2\/types\/page"}],"author":[{"embeddable":true,"href":"https:\/\/inmaculadaespacio.com\/index.php\/wp-json\/wp\/v2\/users\/1"}],"replies":[{"embeddable":true,"href":"https:\/\/inmaculadaespacio.com\/index.php\/wp-json\/wp\/v2\/comments?post=774"}],"version-history":[{"count":1,"href":"https:\/\/inmaculadaespacio.com\/index.php\/wp-json\/wp\/v2\/pages\/774\/revisions"}],"predecessor-version":[{"id":775,"href":"https:\/\/inmaculadaespacio.com\/index.php\/wp-json\/wp\/v2\/pages\/774\/revisions\/775"}],"wp:attachment":[{"href":"https:\/\/inmaculadaespacio.com\/index.php\/wp-json\/wp\/v2\/media?parent=774"}],"curies":[{"name":"wp","href":"https:\/\/api.w.org\/{rel}","templated":true}]}}